{"id":9,"date":"2025-07-07T14:36:23","date_gmt":"2025-07-07T14:36:23","guid":{"rendered":"http:\/\/fablab110.fr\/?page_id=9"},"modified":"2025-09-21T14:20:22","modified_gmt":"2025-09-21T13:20:22","slug":"la-ou-vos-idees-prennent-forme","status":"publish","type":"page","link":"https:\/\/fablab110.fr\/","title":{"rendered":"L\u00e0 o\u00f9 vos id\u00e9es prennent forme !"},"content":{"rendered":"\n<h1 class=\"wp-block-heading has-text-align-center\"><strong>L\u00e0 o\u00f9 vos id\u00e9es prennent forme !<\/strong><\/h1>\n\n\n<div class=\"n2-section-smartslider fitvidsignore  n2_clear\" data-ssid=\"3\"><div id=\"n2-ss-3-align\" class=\"n2-ss-align\"><div class=\"n2-padding\"><div id=\"n2-ss-3\" data-creator=\"Smart Slider 3\" data-responsive=\"auto\" class=\"n2-ss-slider n2-ow n2-has-hover n2notransition  \"><div class=\"n2-ss-slider-wrapper-inside\">\n        <div class=\"n2-ss-slider-1 n2_ss__touch_element n2-ow\">\n            <div class=\"n2-ss-slider-2 n2-ow\">\n                                                <div class=\"n2-ss-slider-3 n2-ow\">\n\n                    <div class=\"n2-ss-slide-backgrounds n2-ow-all\"><div class=\"n2-ss-slide-background\" data-public-id=\"1\" data-mode=\"fill\"><div class=\"n2-ss-slide-background-image\" data-blur=\"0\" data-opacity=\"100\" data-x=\"50\" data-y=\"50\" data-alt=\"Sculpture sur pl\u00e2tre maquette voiture automobile\" data-title=\"\"><picture class=\"skip-lazy\" data-skip-lazy=\"1\"><img decoding=\"async\" src=\"\/\/fablab110.fr\/wp-content\/uploads\/2025\/07\/Hiwa.jpg\" alt=\"Sculpture sur pl\u00e2tre maquette voiture automobile\" title=\"\" loading=\"lazy\" class=\"skip-lazy\" data-skip-lazy=\"1\"><\/picture><\/div><div data-color=\"RGBA(255,255,255,0)\" style=\"background-color: RGBA(255,255,255,0);\" class=\"n2-ss-slide-background-color\"><\/div><\/div><div class=\"n2-ss-slide-background\" data-public-id=\"2\" data-mode=\"fill\" aria-hidden=\"true\"><div class=\"n2-ss-slide-background-image\" data-blur=\"0\" data-opacity=\"100\" data-x=\"50\" data-y=\"50\" data-alt=\"CNC Logo Fab Lab 110\" data-title=\"\"><picture class=\"skip-lazy\" data-skip-lazy=\"1\"><img decoding=\"async\" src=\"\/\/fablab110.fr\/wp-content\/uploads\/2025\/07\/IMG_5531-scaled.jpg\" alt=\"CNC Logo Fab Lab 110\" title=\"\" loading=\"lazy\" class=\"skip-lazy\" data-skip-lazy=\"1\"><\/picture><\/div><div data-color=\"RGBA(255,255,255,0)\" style=\"background-color: RGBA(255,255,255,0);\" class=\"n2-ss-slide-background-color\"><\/div><\/div><div class=\"n2-ss-slide-background\" data-public-id=\"3\" data-mode=\"fill\" aria-hidden=\"true\"><div class=\"n2-ss-slide-background-image\" data-blur=\"0\" data-opacity=\"100\" data-x=\"50\" data-y=\"50\" data-alt=\"\" data-title=\"\"><picture class=\"skip-lazy\" data-skip-lazy=\"1\"><img decoding=\"async\" src=\"\/\/fablab110.fr\/wp-content\/uploads\/2025\/07\/Decoupe-laser.jpg\" alt=\"\" title=\"\" loading=\"lazy\" class=\"skip-lazy\" data-skip-lazy=\"1\"><\/picture><\/div><div data-color=\"RGBA(255,255,255,0)\" style=\"background-color: RGBA(255,255,255,0);\" class=\"n2-ss-slide-background-color\"><\/div><\/div><div class=\"n2-ss-slide-background\" data-public-id=\"4\" data-mode=\"fill\" aria-hidden=\"true\"><div class=\"n2-ss-slide-background-image\" data-blur=\"0\" data-opacity=\"100\" data-x=\"46\" data-y=\"41\" data-alt=\"Stratonef h22 imprim\u00e9 en 3D\" data-title=\"\" style=\"--ss-o-pos-x:46%;--ss-o-pos-y:41%\"><picture class=\"skip-lazy\" data-skip-lazy=\"1\"><img decoding=\"async\" src=\"\/\/fablab110.fr\/wp-content\/uploads\/2025\/07\/IMG_9073.jpg\" alt=\"Stratonef h22 imprim\u00e9 en 3D\" title=\"\" loading=\"lazy\" class=\"skip-lazy\" data-skip-lazy=\"1\"><\/picture><\/div><div data-color=\"RGBA(255,255,255,0)\" style=\"background-color: RGBA(255,255,255,0);\" class=\"n2-ss-slide-background-color\"><\/div><\/div><div class=\"n2-ss-slide-background\" data-public-id=\"5\" data-mode=\"fill\" aria-hidden=\"true\"><div class=\"n2-ss-slide-background-image\" data-blur=\"0\" data-opacity=\"100\" data-x=\"50\" data-y=\"50\" data-alt=\"Imprimante 3D\" data-title=\"\"><picture class=\"skip-lazy\" data-skip-lazy=\"1\"><img decoding=\"async\" src=\"\/\/fablab110.fr\/wp-content\/uploads\/2025\/07\/IMG_0443.jpg\" alt=\"Imprimante 3D\" title=\"\" loading=\"lazy\" class=\"skip-lazy\" data-skip-lazy=\"1\"><\/picture><\/div><div data-color=\"RGBA(255,255,255,0)\" style=\"background-color: RGBA(255,255,255,0);\" class=\"n2-ss-slide-background-color\"><\/div><\/div><\/div>                    <div class=\"n2-ss-slider-4 n2-ow\">\n                        <svg xmlns=\"http:\/\/www.w3.org\/2000\/svg\" viewBox=\"0 0 1200 500\" data-related-device=\"desktopPortrait\" class=\"n2-ow n2-ss-preserve-size n2-ss-preserve-size--slider n2-ss-slide-limiter\"><\/svg><div data-first=\"1\" data-slide-duration=\"0\" data-id=\"4\" data-slide-public-id=\"1\" data-title=\"Hiwa\" class=\"n2-ss-slide n2-ow  n2-ss-slide-4\"><div role=\"note\" class=\"n2-ss-slide--focus\" tabindex=\"-1\">Hiwa<\/div><div class=\"n2-ss-layers-container n2-ss-slide-limiter n2-ow\"><div class=\"n2-ss-layer n2-ow n-uc-D7GpvVVVdxy7\" data-sstype=\"slide\" data-pm=\"default\"><\/div><\/div><\/div><div data-slide-duration=\"0\" data-id=\"9\" data-slide-public-id=\"2\" aria-hidden=\"true\" data-title=\"IMG_5531\" class=\"n2-ss-slide n2-ow  n2-ss-slide-9\"><div role=\"note\" class=\"n2-ss-slide--focus\" tabindex=\"-1\">IMG_5531<\/div><div class=\"n2-ss-layers-container n2-ss-slide-limiter n2-ow\"><div class=\"n2-ss-layer n2-ow n-uc-ErHcDaQriO0l\" data-sstype=\"slide\" data-pm=\"default\"><\/div><\/div><\/div><div data-slide-duration=\"0\" data-id=\"6\" data-slide-public-id=\"3\" aria-hidden=\"true\" data-title=\"D\u00e9coupe laser\" class=\"n2-ss-slide n2-ow  n2-ss-slide-6\"><div role=\"note\" class=\"n2-ss-slide--focus\" tabindex=\"-1\">D\u00e9coupe laser<\/div><div class=\"n2-ss-layers-container n2-ss-slide-limiter n2-ow\"><div class=\"n2-ss-layer n2-ow n-uc-CHYU5s9HoNgP\" data-sstype=\"slide\" data-pm=\"default\"><\/div><\/div><\/div><div data-slide-duration=\"0\" data-id=\"5\" data-slide-public-id=\"4\" aria-hidden=\"true\" data-title=\"IMG_9073\" class=\"n2-ss-slide n2-ow  n2-ss-slide-5\"><div role=\"note\" class=\"n2-ss-slide--focus\" tabindex=\"-1\">IMG_9073<\/div><div class=\"n2-ss-layers-container n2-ss-slide-limiter n2-ow\"><div class=\"n2-ss-layer n2-ow n-uc-1FEoBRyIrG9x\" data-sstype=\"slide\" data-pm=\"default\"><\/div><\/div><\/div><div data-slide-duration=\"0\" data-id=\"8\" data-slide-public-id=\"5\" aria-hidden=\"true\" data-title=\"IMG_0443\" class=\"n2-ss-slide n2-ow  n2-ss-slide-8\"><div role=\"note\" class=\"n2-ss-slide--focus\" tabindex=\"-1\">IMG_0443<\/div><div class=\"n2-ss-layers-container n2-ss-slide-limiter n2-ow\"><div class=\"n2-ss-layer n2-ow n-uc-mmtrGDALMUUe\" data-sstype=\"slide\" data-pm=\"default\"><\/div><\/div><\/div>                    <\/div>\n\n                                    <\/div>\n            <\/div>\n        <\/div>\n        <div class=\"n2-ss-slider-controls n2-ss-slider-controls-absolute-left-center\"><div style=\"--widget-offset:15px;\" class=\"n2-ss-widget nextend-arrow n2-ow-all nextend-arrow-previous  nextend-arrow-animated-fade\" data-hide-mobileportrait=\"1\" id=\"n2-ss-3-arrow-previous\" role=\"button\" aria-label=\"previous arrow\" tabindex=\"0\"><img loading=\"lazy\" decoding=\"async\" width=\"32\" height=\"32\" class=\"skip-lazy\" data-skip-lazy=\"1\" src=\"data:image\/svg+xml;base64,PHN2ZyB3aWR0aD0iMzIiIGhlaWdodD0iMzIiIHZpZXdCb3g9IjAgMCAzMiAzMiIgeG1sbnM9Imh0dHA6Ly93d3cudzMub3JnLzIwMDAvc3ZnIj4KICAgIDxwYXRoIGQ9Ik0xMS40MzMgMTUuOTkyTDIyLjY5IDUuNzEyYy4zOTMtLjM5LjM5My0xLjAzIDAtMS40Mi0uMzkzLS4zOS0xLjAzLS4zOS0xLjQyMyAwbC0xMS45OCAxMC45NGMtLjIxLjIxLS4zLjQ5LS4yODUuNzYtLjAxNS4yOC4wNzUuNTYuMjg0Ljc3bDExLjk4IDEwLjk0Yy4zOTMuMzkgMS4wMy4zOSAxLjQyNCAwIC4zOTMtLjQuMzkzLTEuMDMgMC0xLjQybC0xMS4yNTctMTAuMjkiCiAgICAgICAgICBmaWxsPSIjZmZmZmZmIiBvcGFjaXR5PSIwLjgiIGZpbGwtcnVsZT0iZXZlbm9kZCIvPgo8L3N2Zz4=\" alt=\"previous arrow\"><\/div><\/div><div class=\"n2-ss-slider-controls n2-ss-slider-controls-absolute-right-center\"><div style=\"--widget-offset:15px;\" class=\"n2-ss-widget nextend-arrow n2-ow-all nextend-arrow-next  nextend-arrow-animated-fade\" data-hide-mobileportrait=\"1\" id=\"n2-ss-3-arrow-next\" role=\"button\" aria-label=\"next arrow\" tabindex=\"0\"><img loading=\"lazy\" decoding=\"async\" width=\"32\" height=\"32\" class=\"skip-lazy\" data-skip-lazy=\"1\" src=\"data:image\/svg+xml;base64,PHN2ZyB3aWR0aD0iMzIiIGhlaWdodD0iMzIiIHZpZXdCb3g9IjAgMCAzMiAzMiIgeG1sbnM9Imh0dHA6Ly93d3cudzMub3JnLzIwMDAvc3ZnIj4KICAgIDxwYXRoIGQ9Ik0xMC43MjIgNC4yOTNjLS4zOTQtLjM5LTEuMDMyLS4zOS0xLjQyNyAwLS4zOTMuMzktLjM5MyAxLjAzIDAgMS40MmwxMS4yODMgMTAuMjgtMTEuMjgzIDEwLjI5Yy0uMzkzLjM5LS4zOTMgMS4wMiAwIDEuNDIuMzk1LjM5IDEuMDMzLjM5IDEuNDI3IDBsMTIuMDA3LTEwLjk0Yy4yMS0uMjEuMy0uNDkuMjg0LS43Ny4wMTQtLjI3LS4wNzYtLjU1LS4yODYtLjc2TDEwLjcyIDQuMjkzeiIKICAgICAgICAgIGZpbGw9IiNmZmZmZmYiIG9wYWNpdHk9IjAuOCIgZmlsbC1ydWxlPSJldmVub2RkIi8+Cjwvc3ZnPg==\" alt=\"next arrow\"><\/div><\/div><\/div><\/div><ss3-loader><\/ss3-loader><\/div><\/div><div class=\"n2_clear\"><\/div><\/div>\n\n\n<p class=\"gb-text\">Bienvenue sur le site du Fab Lab110 ! Amateurs de construction num\u00e9rique ou traditionnelle, vous \u00eates au bon endroit ! Le Lab vous propose un atelier de construction et des comp\u00e9tences pour vous aider \u00e0 r\u00e9aliser vos projets !<\/p>\n\n\n\n<p><br>Venez d\u00e9couvrir nos activit\u00e9s (impression 3D, d\u00e9coupe laser, fraisage num\u00e9rique, robotique\u2026) ainsi que les derniers projets de nos membres. Apr\u00e8s quoi, n\u2019h\u00e9sitez pas \u00e0 nous rejoindre. Que vous soyez un d\u00e9butant complet ou un constructeur chevronn\u00e9, vous trouverez mati\u00e8re \u00e0 apprendre, partager vos exp\u00e9riences et faire de belles rencontres.<\/p>\n\n\n\n<p><br>Le Fab Lab 110 propose un atelier bien \u00e9quip\u00e9, o\u00f9 les membres peuvent venir construire leurs projets. Il dispose \u00e0 la fois d&rsquo;un outillage classique et de machines d\u00e9di\u00e9es au travail du bois (scies \u00e0 ruban, ponceuses \u00e0 bande, toupie, perceuse \u00e0 colonne&#8230;), mais \u00e9galement d&rsquo;un espace d\u00e9di\u00e9 \u00e0 la construction num\u00e9rique.<br><br>Surtout, le Fab Lab 110 est un espace convivial o\u00f9 les adh\u00e9rents aiment \u00e0 se retrouver, partager leurs id\u00e9es, \u00e9chafauder les plans de leurs futures inventions et collaborer \u00e0 ce qui nous motive tous : faire en sorte que nos id\u00e9es prennent forme&#8230; Et vie !<\/p>\n\n\n\n<p><\/p>\n","protected":false},"excerpt":{"rendered":"<p>L\u00e0 o\u00f9 vos id\u00e9es prennent forme ! Bienvenue sur le site du Fab Lab110 ! Amateurs de construction num\u00e9rique ou traditionnelle, vous \u00eates au bon endroit ! Le Lab vous propose un atelier de construction et des comp\u00e9tences pour vous aider \u00e0 r\u00e9aliser vos projets ! Venez d\u00e9couvrir nos activit\u00e9s (impression 3D, d\u00e9coupe laser, fraisage &#8230; <a title=\"L\u00e0 o\u00f9 vos id\u00e9es prennent forme !\" class=\"read-more\" href=\"https:\/\/fablab110.fr\/\" aria-label=\"En savoir plus sur L\u00e0 o\u00f9 vos id\u00e9es prennent forme !\">Lire la suite<\/a><\/p>\n","protected":false},"author":1,"featured_media":0,"parent":0,"menu_order":0,"comment_status":"closed","ping_status":"closed","template":"","meta":{"footnotes":""},"class_list":["post-9","page","type-page","status-publish"],"yoast_head":"<!-- This site is optimized with the Yoast SEO plugin v27.0 - https:\/\/yoast.com\/product\/yoast-seo-wordpress\/ -->\n<title>L\u00e0 o\u00f9 vos id\u00e9es prennent forme ! - FAB LAB 110<\/title>\n<meta name=\"description\" content=\"Le Fab Lab 110 est un atelier collaboratif situ\u00e9 \u00e0 Clichy (92110). Venez apprendre et pratiquer mod\u00e9lisation et impression 3D, d\u00e9coupe laser et CNC !\" \/>\n<meta name=\"robots\" content=\"index, follow, max-snippet:-1, max-image-preview:large, max-video-preview:-1\" \/>\n<link rel=\"canonical\" href=\"https:\/\/fablab110.fr\/\" \/>\n<meta property=\"og:locale\" content=\"fr_FR\" \/>\n<meta property=\"og:type\" content=\"article\" \/>\n<meta property=\"og:title\" content=\"L\u00e0 o\u00f9 vos id\u00e9es prennent forme ! - FAB LAB 110\" \/>\n<meta property=\"og:description\" content=\"Le Fab Lab 110 est un atelier collaboratif situ\u00e9 \u00e0 Clichy (92110). Venez apprendre et pratiquer mod\u00e9lisation et impression 3D, d\u00e9coupe laser et CNC !\" \/>\n<meta property=\"og:url\" content=\"https:\/\/fablab110.fr\/\" \/>\n<meta property=\"og:site_name\" content=\"FAB LAB 110\" \/>\n<meta property=\"article:modified_time\" content=\"2025-09-21T13:20:22+00:00\" \/>\n<meta name=\"twitter:card\" content=\"summary_large_image\" \/>\n<meta name=\"twitter:label1\" content=\"Dur\u00e9e de lecture estim\u00e9e\" \/>\n\t<meta name=\"twitter:data1\" content=\"1 minute\" \/>\n<script type=\"application\/ld+json\" class=\"yoast-schema-graph\">{\"@context\":\"https:\/\/schema.org\",\"@graph\":[{\"@type\":\"WebPage\",\"@id\":\"https:\/\/fablab110.fr\/\",\"url\":\"https:\/\/fablab110.fr\/\",\"name\":\"L\u00e0 o\u00f9 vos id\u00e9es prennent forme ! - FAB LAB 110\",\"isPartOf\":{\"@id\":\"https:\/\/fablab110.fr\/#website\"},\"datePublished\":\"2025-07-07T14:36:23+00:00\",\"dateModified\":\"2025-09-21T13:20:22+00:00\",\"description\":\"Le Fab Lab 110 est un atelier collaboratif situ\u00e9 \u00e0 Clichy (92110). Venez apprendre et pratiquer mod\u00e9lisation et impression 3D, d\u00e9coupe laser et CNC !\",\"breadcrumb\":{\"@id\":\"https:\/\/fablab110.fr\/#breadcrumb\"},\"inLanguage\":\"fr-FR\",\"potentialAction\":[{\"@type\":\"ReadAction\",\"target\":[\"https:\/\/fablab110.fr\/\"]}]},{\"@type\":\"BreadcrumbList\",\"@id\":\"https:\/\/fablab110.fr\/#breadcrumb\",\"itemListElement\":[{\"@type\":\"ListItem\",\"position\":1,\"name\":\"Accueil\",\"item\":\"https:\/\/fablab110.fr\/\"},{\"@type\":\"ListItem\",\"position\":2,\"name\":\"L\u00e0 o\u00f9 vos id\u00e9es prennent forme !\"}]},{\"@type\":\"WebSite\",\"@id\":\"https:\/\/fablab110.fr\/#website\",\"url\":\"https:\/\/fablab110.fr\/\",\"name\":\"FAB LAB 110\",\"description\":\"L\u00e0 o\u00f9 vos id\u00e9es prennent forme\",\"publisher\":{\"@id\":\"https:\/\/fablab110.fr\/#organization\"},\"potentialAction\":[{\"@type\":\"SearchAction\",\"target\":{\"@type\":\"EntryPoint\",\"urlTemplate\":\"https:\/\/fablab110.fr\/?s={search_term_string}\"},\"query-input\":{\"@type\":\"PropertyValueSpecification\",\"valueRequired\":true,\"valueName\":\"search_term_string\"}}],\"inLanguage\":\"fr-FR\"},{\"@type\":\"Organization\",\"@id\":\"https:\/\/fablab110.fr\/#organization\",\"name\":\"FAB LAB 110\",\"url\":\"https:\/\/fablab110.fr\/\",\"logo\":{\"@type\":\"ImageObject\",\"inLanguage\":\"fr-FR\",\"@id\":\"https:\/\/fablab110.fr\/#\/schema\/logo\/image\/\",\"url\":\"https:\/\/fablab110.fr\/wp-content\/uploads\/2025\/07\/cropped-Logo-Fablab110_100px.png\",\"contentUrl\":\"https:\/\/fablab110.fr\/wp-content\/uploads\/2025\/07\/cropped-Logo-Fablab110_100px.png\",\"width\":100,\"height\":88,\"caption\":\"FAB LAB 110\"},\"image\":{\"@id\":\"https:\/\/fablab110.fr\/#\/schema\/logo\/image\/\"}}]}<\/script>\n<!-- \/ Yoast SEO plugin. -->","yoast_head_json":{"title":"L\u00e0 o\u00f9 vos id\u00e9es prennent forme ! - FAB LAB 110","description":"Le Fab Lab 110 est un atelier collaboratif situ\u00e9 \u00e0 Clichy (92110). Venez apprendre et pratiquer mod\u00e9lisation et impression 3D, d\u00e9coupe laser et CNC !","robots":{"index":"index","follow":"follow","max-snippet":"max-snippet:-1","max-image-preview":"max-image-preview:large","max-video-preview":"max-video-preview:-1"},"canonical":"https:\/\/fablab110.fr\/","og_locale":"fr_FR","og_type":"article","og_title":"L\u00e0 o\u00f9 vos id\u00e9es prennent forme ! - FAB LAB 110","og_description":"Le Fab Lab 110 est un atelier collaboratif situ\u00e9 \u00e0 Clichy (92110). Venez apprendre et pratiquer mod\u00e9lisation et impression 3D, d\u00e9coupe laser et CNC !","og_url":"https:\/\/fablab110.fr\/","og_site_name":"FAB LAB 110","article_modified_time":"2025-09-21T13:20:22+00:00","twitter_card":"summary_large_image","twitter_misc":{"Dur\u00e9e de lecture estim\u00e9e":"1 minute"},"schema":{"@context":"https:\/\/schema.org","@graph":[{"@type":"WebPage","@id":"https:\/\/fablab110.fr\/","url":"https:\/\/fablab110.fr\/","name":"L\u00e0 o\u00f9 vos id\u00e9es prennent forme ! - FAB LAB 110","isPartOf":{"@id":"https:\/\/fablab110.fr\/#website"},"datePublished":"2025-07-07T14:36:23+00:00","dateModified":"2025-09-21T13:20:22+00:00","description":"Le Fab Lab 110 est un atelier collaboratif situ\u00e9 \u00e0 Clichy (92110). Venez apprendre et pratiquer mod\u00e9lisation et impression 3D, d\u00e9coupe laser et CNC !","breadcrumb":{"@id":"https:\/\/fablab110.fr\/#breadcrumb"},"inLanguage":"fr-FR","potentialAction":[{"@type":"ReadAction","target":["https:\/\/fablab110.fr\/"]}]},{"@type":"BreadcrumbList","@id":"https:\/\/fablab110.fr\/#breadcrumb","itemListElement":[{"@type":"ListItem","position":1,"name":"Accueil","item":"https:\/\/fablab110.fr\/"},{"@type":"ListItem","position":2,"name":"L\u00e0 o\u00f9 vos id\u00e9es prennent forme !"}]},{"@type":"WebSite","@id":"https:\/\/fablab110.fr\/#website","url":"https:\/\/fablab110.fr\/","name":"FAB LAB 110","description":"L\u00e0 o\u00f9 vos id\u00e9es prennent forme","publisher":{"@id":"https:\/\/fablab110.fr\/#organization"},"potentialAction":[{"@type":"SearchAction","target":{"@type":"EntryPoint","urlTemplate":"https:\/\/fablab110.fr\/?s={search_term_string}"},"query-input":{"@type":"PropertyValueSpecification","valueRequired":true,"valueName":"search_term_string"}}],"inLanguage":"fr-FR"},{"@type":"Organization","@id":"https:\/\/fablab110.fr\/#organization","name":"FAB LAB 110","url":"https:\/\/fablab110.fr\/","logo":{"@type":"ImageObject","inLanguage":"fr-FR","@id":"https:\/\/fablab110.fr\/#\/schema\/logo\/image\/","url":"https:\/\/fablab110.fr\/wp-content\/uploads\/2025\/07\/cropped-Logo-Fablab110_100px.png","contentUrl":"https:\/\/fablab110.fr\/wp-content\/uploads\/2025\/07\/cropped-Logo-Fablab110_100px.png","width":100,"height":88,"caption":"FAB LAB 110"},"image":{"@id":"https:\/\/fablab110.fr\/#\/schema\/logo\/image\/"}}]}},"_links":{"self":[{"href":"https:\/\/fablab110.fr\/index.php?rest_route=\/wp\/v2\/pages\/9","targetHints":{"allow":["GET"]}}],"collection":[{"href":"https:\/\/fablab110.fr\/index.php?rest_route=\/wp\/v2\/pages"}],"about":[{"href":"https:\/\/fablab110.fr\/index.php?rest_route=\/wp\/v2\/types\/page"}],"author":[{"embeddable":true,"href":"https:\/\/fablab110.fr\/index.php?rest_route=\/wp\/v2\/users\/1"}],"replies":[{"embeddable":true,"href":"https:\/\/fablab110.fr\/index.php?rest_route=%2Fwp%2Fv2%2Fcomments&post=9"}],"version-history":[{"count":6,"href":"https:\/\/fablab110.fr\/index.php?rest_route=\/wp\/v2\/pages\/9\/revisions"}],"predecessor-version":[{"id":103,"href":"https:\/\/fablab110.fr\/index.php?rest_route=\/wp\/v2\/pages\/9\/revisions\/103"}],"wp:attachment":[{"href":"https:\/\/fablab110.fr\/index.php?rest_route=%2Fwp%2Fv2%2Fmedia&parent=9"}],"curies":[{"name":"wp","href":"https:\/\/api.w.org\/{rel}","templated":true}]}}