{"id":92,"date":"2025-07-10T07:38:14","date_gmt":"2025-07-10T07:38:14","guid":{"rendered":"http:\/\/fablab110.fr\/?page_id=92"},"modified":"2026-01-25T16:57:55","modified_gmt":"2026-01-25T15:57:55","slug":"adhesion","status":"publish","type":"page","link":"https:\/\/fablab110.fr\/?page_id=92","title":{"rendered":"Adh\u00e9sion"},"content":{"rendered":"\n<p>Le Fab Lab 110 est ouvert \u00e0 tous, Clichois comme non-Clichois, constructeurs d\u00e9butants comme confirm\u00e9s, jeunes ou moins jeunes.<\/p>\n\n\n\n<h2 class=\"gb-text\">Jeune public<\/h2>\n\n\n\n<h3 class=\"gb-text\">Pour les enfants : KiddyFab<\/h3>\n\n\n\n<div class=\"gb-element-0e580a8d\">\n<figure class=\"wp-block-image size-full is-resized\"><a href=\"https:\/\/kiddyfab.com\/\"><img loading=\"lazy\" decoding=\"async\" width=\"990\" height=\"987\" src=\"http:\/\/fablab110.fr\/wp-content\/uploads\/2025\/09\/Logo-KiddyFab.png\" alt=\"Logo KiddyFab\" class=\"wp-image-153\" style=\"width:200px\" srcset=\"https:\/\/fablab110.fr\/wp-content\/uploads\/2025\/09\/Logo-KiddyFab.png 990w, https:\/\/fablab110.fr\/wp-content\/uploads\/2025\/09\/Logo-KiddyFab-300x300.png 300w, https:\/\/fablab110.fr\/wp-content\/uploads\/2025\/09\/Logo-KiddyFab-150x150.png 150w, https:\/\/fablab110.fr\/wp-content\/uploads\/2025\/09\/Logo-KiddyFab-768x766.png 768w\" sizes=\"auto, (max-width: 990px) 100vw, 990px\" \/><\/a><\/figure>\n\n\n\n<p class=\"gb-text gb-text-97da9225\">Entre 7 et 14 ans, pour des raisons de s\u00e9curit\u00e9, les enfants ne sont pas re\u00e7us \u00e0 l&rsquo;atelier : \u00e0 la place nous leur proposons les ateliers <a href=\"http:\/\/kiddyfab.com\">KiddyFab<\/a>, qui leur permettent de d\u00e9couvrir l&rsquo;impression 3D et \u00e0 la robotique \u00e0 domicile ave un de nos intervenants ! Entre chaque s\u00e9ance, l&rsquo;intervenant vient \u00e0 l&rsquo;atelier fabriquer les objets con\u00e7us par les enfants, qu&rsquo;il leur donnera \u00e0 la s\u00e9ance suivante ! KiddyFab est une offre \u00ab\u00a0tout-compris\u00a0\u00bb dans laquelle tout le mat\u00e9riel et les consommables sont fournis<\/p>\n<\/div>\n\n\n\n<h3 class=\"gb-text\">Pour les ados : ateliers encadr\u00e9s<\/h3>\n\n\n\n<p>De 15 \u00e0 18 ans, nous proposons des ateliers encadr\u00e9s le mercredi ou le samedi. Les ados b\u00e9n\u00e9ficient de la cotisation \u00e0 tarif r\u00e9duit.<\/p>\n\n\n\n<h2 class=\"gb-text\">Public adulte<\/h2>\n\n\n\n<p>En fonction de votre projet, 2 formules sont disponibles :<\/p>\n\n\n\n<h3 class=\"gb-text\">Formule \u00ab\u00a0D\u00e9couverte\u00a0\u00bb<\/h3>\n\n\n\n<p>Vous avez une id\u00e9e en t\u00eate mais vous ne savez pas comment la r\u00e9aliser ? Venez en discuter avec nous ! Nous vous conseillerons sur les techniques de r\u00e9alisation les plus adapt\u00e9es \u00e0 votre projet. Ensuite, nous vous apprendrons \u00e0 manipuler les logiciels et machines qui vous permettront de concr\u00e9tiser vos envies !<\/p>\n\n\n\n<figure style=\"font-size:1.3rem\" class=\"wp-block-table\"><table class=\"has-base-2-background-color has-background has-fixed-layout\"><thead><tr><th class=\"has-text-align-center\" data-align=\"center\">1\/2 journ\u00e9e d&rsquo;encadrement<\/th><th class=\"has-text-align-center\" data-align=\"center\">1\/2 journ\u00e9e d&rsquo;acc\u00e8s \u00e0 l&rsquo;atelier<\/th><\/tr><\/thead><tbody><tr><td class=\"has-text-align-center\" data-align=\"center\">15\u20ac<\/td><td class=\"has-text-align-center\" data-align=\"center\">10\u20ac<\/td><\/tr><\/tbody><\/table><\/figure>\n\n\n\n<ul class=\"wp-block-list\">\n<li style=\"font-style:italic;font-weight:100\">Une demi-journ\u00e9e correspond a une dur\u00e9e de quatre (4) heures. Cette dur\u00e9e est indivisible : les quatre heures doivent \u00eatre effectu\u00e9es de mani\u00e8re continue et au cours d\u2019une m\u00eame journ\u00e9e calendaire. Aucune fraction de s\u00e9ance, report partiel ou cumul sur plusieurs jours ne sont accept\u00e9s.<\/li>\n\n\n\n<li style=\"font-style:italic;font-weight:100\">La demi-journ\u00e9e d&rsquo;acc\u00e8s \u00e0 l&rsquo;atelier est \u00e9galement due en cas d&rsquo;utilisation des machines, et toute demi-journ\u00e9e commenc\u00e9e est d\u00fbe. Par exemple, une impression 3D d&rsquo;une dur\u00e9e de 9h sera factur\u00e9e au prix de 3 demi-journ\u00e9es.<\/li>\n<\/ul>\n\n\n\n<h3 class=\"gb-text\">Formule \u00ab\u00a0Open\u00a0\u00bb<\/h3>\n\n\n\n<p>Vous souhaitez venir \u00e0 l&rsquo;ann\u00e9e ? Avec la formule \u00ab\u00a0Open\u00a0\u00bb, vous pouvez acc\u00e9der \u00e0 l&rsquo;atelier aussi souvent que vous le souhaitez ! Voici les montants de la cotisation 2025. <\/p>\n\n\n\n<figure style=\"font-size:1.3rem\" class=\"wp-block-table\"><table class=\"has-base-2-background-color has-background has-fixed-layout\"><thead><tr><th class=\"has-text-align-center\" data-align=\"center\">Tarif r\u00e9duit *<\/th><th class=\"has-text-align-center\" data-align=\"center\">Mineurs<\/th><th class=\"has-text-align-center\" data-align=\"center\">Adultes<\/th><\/tr><\/thead><tbody><tr><td class=\"has-text-align-center\" data-align=\"center\">80\u20ac<\/td><td class=\"has-text-align-center\" data-align=\"center\">100\u20ac<\/td><td class=\"has-text-align-center\" data-align=\"center\">120\u20ac<\/td><\/tr><\/tbody><\/table><\/figure>\n\n\n\n<p>* Tarif r\u00e9duit : \u00e9tudiants, retrait\u00e9s et personnes en recherche d&#8217;emploi<\/p>\n\n\n\n<p><strong>Les consommables et mat\u00e9riaux sont \u00e0 la charge des adh\u00e9rents quelle que soit la formule retenue.<\/strong><\/p>\n\n\n\n<p>Envie de nous rejoindre ? Venez nous rencontrer ! Attention, l&rsquo;atelier n&rsquo;est pas toujours ouvert, le mieux est de prendre contact avec nous en passant par le <a href=\"https:\/\/sites.google.com\/d\/1H2_FtkkzWClmsaB7i2V68s8UHv_jGrIu\/p\/1bidKtFdHi0Tsb9aRueOFtvM7Tr48V4C6\/edit\">formulaire de contact<\/a>.<\/p>\n\n\n\n<p>Vous pouvez \u00e9galement consulter les <a href=\"http:\/\/fablab110.fr\/wp-content\/uploads\/docs\/FabLab110-Statuts_2025.pdf\">statuts de notre association.<\/a><\/p>\n","protected":false},"excerpt":{"rendered":"<p>Le Fab Lab 110 est ouvert \u00e0 tous, Clichois comme non-Clichois, constructeurs d\u00e9butants comme confirm\u00e9s, jeunes ou moins jeunes. Jeune public Pour les enfants : KiddyFab Entre 7 et 14 ans, pour des raisons de s\u00e9curit\u00e9, les enfants ne sont pas re\u00e7us \u00e0 l&rsquo;atelier : \u00e0 la place nous leur proposons les ateliers KiddyFab, qui &#8230; <a title=\"Adh\u00e9sion\" class=\"read-more\" href=\"https:\/\/fablab110.fr\/?page_id=92\" aria-label=\"En savoir plus sur Adh\u00e9sion\">Lire la suite<\/a><\/p>\n","protected":false},"author":1,"featured_media":0,"parent":0,"menu_order":0,"comment_status":"closed","ping_status":"closed","template":"","meta":{"footnotes":""},"class_list":["post-92","page","type-page","status-publish"],"yoast_head":"<!-- This site is optimized with the Yoast SEO plugin v27.0 - https:\/\/yoast.com\/product\/yoast-seo-wordpress\/ -->\n<title>Adh\u00e9sion - FAB LAB 110<\/title>\n<meta name=\"robots\" content=\"index, follow, max-snippet:-1, max-image-preview:large, max-video-preview:-1\" \/>\n<link rel=\"canonical\" href=\"https:\/\/fablab110.fr\/?page_id=92\" \/>\n<meta property=\"og:locale\" content=\"fr_FR\" \/>\n<meta property=\"og:type\" content=\"article\" \/>\n<meta property=\"og:title\" content=\"Adh\u00e9sion - FAB LAB 110\" \/>\n<meta property=\"og:description\" content=\"Le Fab Lab 110 est ouvert \u00e0 tous, Clichois comme non-Clichois, constructeurs d\u00e9butants comme confirm\u00e9s, jeunes ou moins jeunes. Jeune public Pour les enfants : KiddyFab Entre 7 et 14 ans, pour des raisons de s\u00e9curit\u00e9, les enfants ne sont pas re\u00e7us \u00e0 l&rsquo;atelier : \u00e0 la place nous leur proposons les ateliers KiddyFab, qui ... Lire la suite\" \/>\n<meta property=\"og:url\" content=\"https:\/\/fablab110.fr\/?page_id=92\" \/>\n<meta property=\"og:site_name\" content=\"FAB LAB 110\" \/>\n<meta property=\"article:modified_time\" content=\"2026-01-25T15:57:55+00:00\" \/>\n<meta property=\"og:image\" content=\"https:\/\/fablab110.fr\/wp-content\/uploads\/2025\/09\/Logo-KiddyFab.png\" \/>\n\t<meta property=\"og:image:width\" content=\"990\" \/>\n\t<meta property=\"og:image:height\" content=\"987\" \/>\n\t<meta property=\"og:image:type\" content=\"image\/png\" \/>\n<meta name=\"twitter:card\" content=\"summary_large_image\" \/>\n<meta name=\"twitter:label1\" content=\"Dur\u00e9e de lecture estim\u00e9e\" \/>\n\t<meta name=\"twitter:data1\" content=\"3 minutes\" \/>\n<script type=\"application\/ld+json\" class=\"yoast-schema-graph\">{\"@context\":\"https:\/\/schema.org\",\"@graph\":[{\"@type\":\"WebPage\",\"@id\":\"https:\/\/fablab110.fr\/?page_id=92\",\"url\":\"https:\/\/fablab110.fr\/?page_id=92\",\"name\":\"Adh\u00e9sion - FAB LAB 110\",\"isPartOf\":{\"@id\":\"https:\/\/fablab110.fr\/#website\"},\"primaryImageOfPage\":{\"@id\":\"https:\/\/fablab110.fr\/?page_id=92#primaryimage\"},\"image\":{\"@id\":\"https:\/\/fablab110.fr\/?page_id=92#primaryimage\"},\"thumbnailUrl\":\"http:\/\/fablab110.fr\/wp-content\/uploads\/2025\/09\/Logo-KiddyFab.png\",\"datePublished\":\"2025-07-10T07:38:14+00:00\",\"dateModified\":\"2026-01-25T15:57:55+00:00\",\"breadcrumb\":{\"@id\":\"https:\/\/fablab110.fr\/?page_id=92#breadcrumb\"},\"inLanguage\":\"fr-FR\",\"potentialAction\":[{\"@type\":\"ReadAction\",\"target\":[\"https:\/\/fablab110.fr\/?page_id=92\"]}]},{\"@type\":\"ImageObject\",\"inLanguage\":\"fr-FR\",\"@id\":\"https:\/\/fablab110.fr\/?page_id=92#primaryimage\",\"url\":\"https:\/\/fablab110.fr\/wp-content\/uploads\/2025\/09\/Logo-KiddyFab.png\",\"contentUrl\":\"https:\/\/fablab110.fr\/wp-content\/uploads\/2025\/09\/Logo-KiddyFab.png\",\"width\":990,\"height\":987,\"caption\":\"Logo KiddyFab\"},{\"@type\":\"BreadcrumbList\",\"@id\":\"https:\/\/fablab110.fr\/?page_id=92#breadcrumb\",\"itemListElement\":[{\"@type\":\"ListItem\",\"position\":1,\"name\":\"Accueil\",\"item\":\"https:\/\/fablab110.fr\/\"},{\"@type\":\"ListItem\",\"position\":2,\"name\":\"Adh\u00e9sion\"}]},{\"@type\":\"WebSite\",\"@id\":\"https:\/\/fablab110.fr\/#website\",\"url\":\"https:\/\/fablab110.fr\/\",\"name\":\"FAB LAB 110\",\"description\":\"L\u00e0 o\u00f9 vos id\u00e9es prennent forme\",\"publisher\":{\"@id\":\"https:\/\/fablab110.fr\/#organization\"},\"potentialAction\":[{\"@type\":\"SearchAction\",\"target\":{\"@type\":\"EntryPoint\",\"urlTemplate\":\"https:\/\/fablab110.fr\/?s={search_term_string}\"},\"query-input\":{\"@type\":\"PropertyValueSpecification\",\"valueRequired\":true,\"valueName\":\"search_term_string\"}}],\"inLanguage\":\"fr-FR\"},{\"@type\":\"Organization\",\"@id\":\"https:\/\/fablab110.fr\/#organization\",\"name\":\"FAB LAB 110\",\"url\":\"https:\/\/fablab110.fr\/\",\"logo\":{\"@type\":\"ImageObject\",\"inLanguage\":\"fr-FR\",\"@id\":\"https:\/\/fablab110.fr\/#\/schema\/logo\/image\/\",\"url\":\"https:\/\/fablab110.fr\/wp-content\/uploads\/2025\/07\/cropped-Logo-Fablab110_100px.png\",\"contentUrl\":\"https:\/\/fablab110.fr\/wp-content\/uploads\/2025\/07\/cropped-Logo-Fablab110_100px.png\",\"width\":100,\"height\":88,\"caption\":\"FAB LAB 110\"},\"image\":{\"@id\":\"https:\/\/fablab110.fr\/#\/schema\/logo\/image\/\"}}]}<\/script>\n<!-- \/ Yoast SEO plugin. -->","yoast_head_json":{"title":"Adh\u00e9sion - FAB LAB 110","robots":{"index":"index","follow":"follow","max-snippet":"max-snippet:-1","max-image-preview":"max-image-preview:large","max-video-preview":"max-video-preview:-1"},"canonical":"https:\/\/fablab110.fr\/?page_id=92","og_locale":"fr_FR","og_type":"article","og_title":"Adh\u00e9sion - FAB LAB 110","og_description":"Le Fab Lab 110 est ouvert \u00e0 tous, Clichois comme non-Clichois, constructeurs d\u00e9butants comme confirm\u00e9s, jeunes ou moins jeunes. Jeune public Pour les enfants : KiddyFab Entre 7 et 14 ans, pour des raisons de s\u00e9curit\u00e9, les enfants ne sont pas re\u00e7us \u00e0 l&rsquo;atelier : \u00e0 la place nous leur proposons les ateliers KiddyFab, qui ... Lire la suite","og_url":"https:\/\/fablab110.fr\/?page_id=92","og_site_name":"FAB LAB 110","article_modified_time":"2026-01-25T15:57:55+00:00","og_image":[{"width":990,"height":987,"url":"https:\/\/fablab110.fr\/wp-content\/uploads\/2025\/09\/Logo-KiddyFab.png","type":"image\/png"}],"twitter_card":"summary_large_image","twitter_misc":{"Dur\u00e9e de lecture estim\u00e9e":"3 minutes"},"schema":{"@context":"https:\/\/schema.org","@graph":[{"@type":"WebPage","@id":"https:\/\/fablab110.fr\/?page_id=92","url":"https:\/\/fablab110.fr\/?page_id=92","name":"Adh\u00e9sion - FAB LAB 110","isPartOf":{"@id":"https:\/\/fablab110.fr\/#website"},"primaryImageOfPage":{"@id":"https:\/\/fablab110.fr\/?page_id=92#primaryimage"},"image":{"@id":"https:\/\/fablab110.fr\/?page_id=92#primaryimage"},"thumbnailUrl":"http:\/\/fablab110.fr\/wp-content\/uploads\/2025\/09\/Logo-KiddyFab.png","datePublished":"2025-07-10T07:38:14+00:00","dateModified":"2026-01-25T15:57:55+00:00","breadcrumb":{"@id":"https:\/\/fablab110.fr\/?page_id=92#breadcrumb"},"inLanguage":"fr-FR","potentialAction":[{"@type":"ReadAction","target":["https:\/\/fablab110.fr\/?page_id=92"]}]},{"@type":"ImageObject","inLanguage":"fr-FR","@id":"https:\/\/fablab110.fr\/?page_id=92#primaryimage","url":"https:\/\/fablab110.fr\/wp-content\/uploads\/2025\/09\/Logo-KiddyFab.png","contentUrl":"https:\/\/fablab110.fr\/wp-content\/uploads\/2025\/09\/Logo-KiddyFab.png","width":990,"height":987,"caption":"Logo KiddyFab"},{"@type":"BreadcrumbList","@id":"https:\/\/fablab110.fr\/?page_id=92#breadcrumb","itemListElement":[{"@type":"ListItem","position":1,"name":"Accueil","item":"https:\/\/fablab110.fr\/"},{"@type":"ListItem","position":2,"name":"Adh\u00e9sion"}]},{"@type":"WebSite","@id":"https:\/\/fablab110.fr\/#website","url":"https:\/\/fablab110.fr\/","name":"FAB LAB 110","description":"L\u00e0 o\u00f9 vos id\u00e9es prennent forme","publisher":{"@id":"https:\/\/fablab110.fr\/#organization"},"potentialAction":[{"@type":"SearchAction","target":{"@type":"EntryPoint","urlTemplate":"https:\/\/fablab110.fr\/?s={search_term_string}"},"query-input":{"@type":"PropertyValueSpecification","valueRequired":true,"valueName":"search_term_string"}}],"inLanguage":"fr-FR"},{"@type":"Organization","@id":"https:\/\/fablab110.fr\/#organization","name":"FAB LAB 110","url":"https:\/\/fablab110.fr\/","logo":{"@type":"ImageObject","inLanguage":"fr-FR","@id":"https:\/\/fablab110.fr\/#\/schema\/logo\/image\/","url":"https:\/\/fablab110.fr\/wp-content\/uploads\/2025\/07\/cropped-Logo-Fablab110_100px.png","contentUrl":"https:\/\/fablab110.fr\/wp-content\/uploads\/2025\/07\/cropped-Logo-Fablab110_100px.png","width":100,"height":88,"caption":"FAB LAB 110"},"image":{"@id":"https:\/\/fablab110.fr\/#\/schema\/logo\/image\/"}}]}},"_links":{"self":[{"href":"https:\/\/fablab110.fr\/index.php?rest_route=\/wp\/v2\/pages\/92","targetHints":{"allow":["GET"]}}],"collection":[{"href":"https:\/\/fablab110.fr\/index.php?rest_route=\/wp\/v2\/pages"}],"about":[{"href":"https:\/\/fablab110.fr\/index.php?rest_route=\/wp\/v2\/types\/page"}],"author":[{"embeddable":true,"href":"https:\/\/fablab110.fr\/index.php?rest_route=\/wp\/v2\/users\/1"}],"replies":[{"embeddable":true,"href":"https:\/\/fablab110.fr\/index.php?rest_route=%2Fwp%2Fv2%2Fcomments&post=92"}],"version-history":[{"count":8,"href":"https:\/\/fablab110.fr\/index.php?rest_route=\/wp\/v2\/pages\/92\/revisions"}],"predecessor-version":[{"id":179,"href":"https:\/\/fablab110.fr\/index.php?rest_route=\/wp\/v2\/pages\/92\/revisions\/179"}],"wp:attachment":[{"href":"https:\/\/fablab110.fr\/index.php?rest_route=%2Fwp%2Fv2%2Fmedia&parent=92"}],"curies":[{"name":"wp","href":"https:\/\/api.w.org\/{rel}","templated":true}]}}