{"id":95,"date":"2025-07-10T07:54:10","date_gmt":"2025-07-10T07:54:10","guid":{"rendered":"http:\/\/fablab110.fr\/?page_id=95"},"modified":"2025-07-14T14:01:37","modified_gmt":"2025-07-14T14:01:37","slug":"contact","status":"publish","type":"page","link":"https:\/\/fablab110.fr\/?page_id=95","title":{"rendered":"Contact"},"content":{"rendered":"\n<div class=\"gb-element-bddc0a54\">\n<div>\n<figure class=\"wp-block-image size-full\"><img loading=\"lazy\" decoding=\"async\" width=\"400\" height=\"319\" src=\"http:\/\/fablab110.fr\/wp-content\/uploads\/2025\/07\/cropped-Logo-Fablab110_400px.png\" alt=\"Logo Fab Lab 110\" class=\"wp-image-18\" srcset=\"https:\/\/fablab110.fr\/wp-content\/uploads\/2025\/07\/cropped-Logo-Fablab110_400px.png 400w, https:\/\/fablab110.fr\/wp-content\/uploads\/2025\/07\/cropped-Logo-Fablab110_400px-300x239.png 300w\" sizes=\"auto, (max-width: 400px) 100vw, 400px\" \/><\/figure>\n\n\n\n<p>Le Fab Lab100  est situ\u00e9 au 1 All\u00e9e Marie Br\u00e9chet 92110 Clichy la Garenne. (Nous reprenons les locaux de l&rsquo;ancien Club Mod\u00e9liste Clichois)<\/p>\n\n\n\n<iframe src=\"https:\/\/www.google.com\/maps\/embed?pb=!1m18!1m12!1m3!1d2622.711197033435!2d2.3161618751257214!3d48.901840897649585!2m3!1f0!2f0!3f0!3m2!1i1024!2i768!4f13.1!3m3!1m2!1s0x47e66fe3223a89fd%3A0xe5e4af16730a9102!2sFAB%20LAB%20110!5e0!3m2!1sfr!2sfr!4v1752177351779!5m2!1sfr!2sfr\" width=\"600\" height=\"450\" style=\"border:0;\" allowfullscreen=\"\" loading=\"lazy\" referrerpolicy=\"no-referrer-when-downgrade\"><\/iframe>\n<\/div>\n\n\n\n<div>\n<h4 class=\"wp-block-heading\"><strong>Des questions sur nos activit\u00e9s ? Prenez contact avec nous !<\/strong><\/h4>\n\n\n<div class=\"forminator-ui forminator-custom-form forminator-custom-form-131 forminator-design--default  forminator_ajax\" data-forminator-render=\"0\" data-form=\"forminator-module-131\" data-uid=\"69e15d21d4d6a\"><br\/><\/div><form\n\t\t\t\tid=\"forminator-module-131\"\n\t\t\t\tclass=\"forminator-ui forminator-custom-form forminator-custom-form-131 forminator-design--default  forminator_ajax\"\n\t\t\t\tmethod=\"post\"\n\t\t\t\tdata-forminator-render=\"0\"\n\t\t\t\tdata-form-id=\"131\"\n\t\t\t\t data-color-option=\"theme\" data-design=\"default\" data-grid=\"open\" style=\"display: none;\"\n\t\t\t\tdata-uid=\"69e15d21d4d6a\"\n\t\t\t><div role=\"alert\" aria-live=\"polite\" class=\"forminator-response-message forminator-error\" aria-hidden=\"true\"><\/div><div class=\"forminator-row\"><div id=\"name-1\" class=\"forminator-field-name forminator-col forminator-col-12 \"><div class=\"forminator-field\"><label for=\"forminator-field-name-1_69e15d21d4d6a\" id=\"forminator-field-name-1_69e15d21d4d6a-label\" class=\"forminator-label\">Nom <span class=\"forminator-required\">*<\/span><\/label><input type=\"text\" name=\"name-1\" value=\"\" placeholder=\"\" id=\"forminator-field-name-1_69e15d21d4d6a\" class=\"forminator-input forminator-name--field\" aria-required=\"true\" autocomplete=\"name\" \/><\/div><\/div><\/div><div class=\"forminator-row\"><div id=\"email-1\" class=\"forminator-field-email forminator-col forminator-col-12 \"><div class=\"forminator-field\"><label for=\"forminator-field-email-1_69e15d21d4d6a\" id=\"forminator-field-email-1_69e15d21d4d6a-label\" class=\"forminator-label\">Adresse email <span class=\"forminator-required\">*<\/span><\/label><input type=\"email\" name=\"email-1\" value=\"\" placeholder=\"\" id=\"forminator-field-email-1_69e15d21d4d6a\" class=\"forminator-input forminator-email--field\" data-required=\"true\" aria-required=\"true\" autocomplete=\"email\" \/><\/div><\/div><\/div><div class=\"forminator-row\"><div id=\"phone-1\" class=\"forminator-field-phone forminator-col forminator-col-12 \"><div class=\"forminator-field\"><label for=\"forminator-field-phone-1_69e15d21d4d6a\" id=\"forminator-field-phone-1_69e15d21d4d6a-label\" class=\"forminator-label\">Num\u00e9ro de t\u00e9l\u00e9phone<\/label><input type=\"text\" name=\"phone-1\" value=\"\" placeholder=\"\" id=\"forminator-field-phone-1_69e15d21d4d6a\" class=\"forminator-input forminator-field--phone\" data-required=\"\" aria-required=\"false\" autocomplete=\"off\" data-national_mode=\"enabled\" data-country=\"fr\" data-validation=\"standard\" \/><\/div><\/div><\/div><div class=\"forminator-row\"><div id=\"textarea-1\" class=\"forminator-field-textarea forminator-col forminator-col-12 \"><div class=\"forminator-field\"><label for=\"forminator-field-textarea-1_69e15d21d4d6a\" id=\"forminator-field-textarea-1_69e15d21d4d6a-label\" class=\"forminator-label\">Message<\/label><span id=\"forminator-field-textarea-1_69e15d21d4d6a-description\" class=\"forminator-description\"><span data-limit=\"180\" data-type=\"characters\" data-editor=\"\">0 \/ 180<\/span><\/span><textarea name=\"textarea-1\" placeholder=\"\" id=\"forminator-field-textarea-1_69e15d21d4d6a\" class=\"forminator-textarea\" rows=\"6\" style=\"min-height:140px;\" maxlength=\"180\" ><\/textarea><\/div><\/div><\/div><input type=\"hidden\" name=\"referer_url\" value=\"\" \/><div class=\"forminator-row forminator-row-last\"><div class=\"forminator-col\"><div class=\"forminator-field\"><button class=\"forminator-button forminator-button-submit\">Envoyer<\/button><\/div><\/div><\/div><input type=\"hidden\" id=\"forminator_nonce\" name=\"forminator_nonce\" value=\"a8f368a6b8\" \/><input type=\"hidden\" name=\"_wp_http_referer\" value=\"\/index.php?rest_route=%2Fwp%2Fv2%2Fpages%2F95\" \/><input type=\"hidden\" name=\"form_id\" value=\"131\"><input type=\"hidden\" name=\"page_id\" value=\"95\"><input type=\"hidden\" name=\"form_type\" value=\"default\"><input type=\"hidden\" name=\"current_url\" value=\"https:\/\/fablab110.fr\/?page_id=95\"><input type=\"hidden\" name=\"render_id\" value=\"0\"><input type=\"hidden\" name=\"action\" value=\"forminator_submit_form_custom-forms\"><\/form>\n<\/div>\n<\/div>\n","protected":false},"excerpt":{"rendered":"<p>Le Fab Lab100 est situ\u00e9 au 1 All\u00e9e Marie Br\u00e9chet 92110 Clichy la Garenne. (Nous reprenons les locaux de l&rsquo;ancien Club Mod\u00e9liste Clichois) Des questions sur nos activit\u00e9s ? Prenez contact avec nous !<\/p>\n","protected":false},"author":1,"featured_media":0,"parent":0,"menu_order":0,"comment_status":"closed","ping_status":"closed","template":"","meta":{"footnotes":""},"class_list":["post-95","page","type-page","status-publish"],"yoast_head":"<!-- This site is optimized with the Yoast SEO plugin v27.0 - https:\/\/yoast.com\/product\/yoast-seo-wordpress\/ -->\n<title>Contact - FAB LAB 110<\/title>\n<meta name=\"robots\" content=\"index, follow, max-snippet:-1, max-image-preview:large, max-video-preview:-1\" \/>\n<link rel=\"canonical\" href=\"https:\/\/fablab110.fr\/?page_id=95\" \/>\n<meta property=\"og:locale\" content=\"fr_FR\" \/>\n<meta property=\"og:type\" content=\"article\" \/>\n<meta property=\"og:title\" content=\"Contact - FAB LAB 110\" \/>\n<meta property=\"og:description\" content=\"Le Fab Lab100 est situ\u00e9 au 1 All\u00e9e Marie Br\u00e9chet 92110 Clichy la Garenne. (Nous reprenons les locaux de l&rsquo;ancien Club Mod\u00e9liste Clichois) Des questions sur nos activit\u00e9s ? Prenez contact avec nous !\" \/>\n<meta property=\"og:url\" content=\"https:\/\/fablab110.fr\/?page_id=95\" \/>\n<meta property=\"og:site_name\" content=\"FAB LAB 110\" \/>\n<meta property=\"article:modified_time\" content=\"2025-07-14T14:01:37+00:00\" \/>\n<meta property=\"og:image\" content=\"https:\/\/fablab110.fr\/wp-content\/uploads\/2025\/07\/cropped-Logo-Fablab110_400px.png\" \/>\n\t<meta property=\"og:image:width\" content=\"400\" \/>\n\t<meta property=\"og:image:height\" content=\"319\" \/>\n\t<meta property=\"og:image:type\" content=\"image\/png\" \/>\n<meta name=\"twitter:card\" content=\"summary_large_image\" \/>\n<script type=\"application\/ld+json\" class=\"yoast-schema-graph\">{\"@context\":\"https:\/\/schema.org\",\"@graph\":[{\"@type\":\"WebPage\",\"@id\":\"https:\/\/fablab110.fr\/?page_id=95\",\"url\":\"https:\/\/fablab110.fr\/?page_id=95\",\"name\":\"Contact - FAB LAB 110\",\"isPartOf\":{\"@id\":\"https:\/\/fablab110.fr\/#website\"},\"primaryImageOfPage\":{\"@id\":\"https:\/\/fablab110.fr\/?page_id=95#primaryimage\"},\"image\":{\"@id\":\"https:\/\/fablab110.fr\/?page_id=95#primaryimage\"},\"thumbnailUrl\":\"http:\/\/fablab110.fr\/wp-content\/uploads\/2025\/07\/cropped-Logo-Fablab110_400px.png\",\"datePublished\":\"2025-07-10T07:54:10+00:00\",\"dateModified\":\"2025-07-14T14:01:37+00:00\",\"breadcrumb\":{\"@id\":\"https:\/\/fablab110.fr\/?page_id=95#breadcrumb\"},\"inLanguage\":\"fr-FR\",\"potentialAction\":[{\"@type\":\"ReadAction\",\"target\":[\"https:\/\/fablab110.fr\/?page_id=95\"]}]},{\"@type\":\"ImageObject\",\"inLanguage\":\"fr-FR\",\"@id\":\"https:\/\/fablab110.fr\/?page_id=95#primaryimage\",\"url\":\"https:\/\/fablab110.fr\/wp-content\/uploads\/2025\/07\/cropped-Logo-Fablab110_400px.png\",\"contentUrl\":\"https:\/\/fablab110.fr\/wp-content\/uploads\/2025\/07\/cropped-Logo-Fablab110_400px.png\",\"width\":400,\"height\":319,\"caption\":\"Logo Fab Lab 110\"},{\"@type\":\"BreadcrumbList\",\"@id\":\"https:\/\/fablab110.fr\/?page_id=95#breadcrumb\",\"itemListElement\":[{\"@type\":\"ListItem\",\"position\":1,\"name\":\"Accueil\",\"item\":\"https:\/\/fablab110.fr\/\"},{\"@type\":\"ListItem\",\"position\":2,\"name\":\"Contact\"}]},{\"@type\":\"WebSite\",\"@id\":\"https:\/\/fablab110.fr\/#website\",\"url\":\"https:\/\/fablab110.fr\/\",\"name\":\"FAB LAB 110\",\"description\":\"L\u00e0 o\u00f9 vos id\u00e9es prennent forme\",\"publisher\":{\"@id\":\"https:\/\/fablab110.fr\/#organization\"},\"potentialAction\":[{\"@type\":\"SearchAction\",\"target\":{\"@type\":\"EntryPoint\",\"urlTemplate\":\"https:\/\/fablab110.fr\/?s={search_term_string}\"},\"query-input\":{\"@type\":\"PropertyValueSpecification\",\"valueRequired\":true,\"valueName\":\"search_term_string\"}}],\"inLanguage\":\"fr-FR\"},{\"@type\":\"Organization\",\"@id\":\"https:\/\/fablab110.fr\/#organization\",\"name\":\"FAB LAB 110\",\"url\":\"https:\/\/fablab110.fr\/\",\"logo\":{\"@type\":\"ImageObject\",\"inLanguage\":\"fr-FR\",\"@id\":\"https:\/\/fablab110.fr\/#\/schema\/logo\/image\/\",\"url\":\"https:\/\/fablab110.fr\/wp-content\/uploads\/2025\/07\/cropped-Logo-Fablab110_100px.png\",\"contentUrl\":\"https:\/\/fablab110.fr\/wp-content\/uploads\/2025\/07\/cropped-Logo-Fablab110_100px.png\",\"width\":100,\"height\":88,\"caption\":\"FAB LAB 110\"},\"image\":{\"@id\":\"https:\/\/fablab110.fr\/#\/schema\/logo\/image\/\"}}]}<\/script>\n<!-- \/ Yoast SEO plugin. -->","yoast_head_json":{"title":"Contact - FAB LAB 110","robots":{"index":"index","follow":"follow","max-snippet":"max-snippet:-1","max-image-preview":"max-image-preview:large","max-video-preview":"max-video-preview:-1"},"canonical":"https:\/\/fablab110.fr\/?page_id=95","og_locale":"fr_FR","og_type":"article","og_title":"Contact - FAB LAB 110","og_description":"Le Fab Lab100 est situ\u00e9 au 1 All\u00e9e Marie Br\u00e9chet 92110 Clichy la Garenne. (Nous reprenons les locaux de l&rsquo;ancien Club Mod\u00e9liste Clichois) Des questions sur nos activit\u00e9s ? Prenez contact avec nous !","og_url":"https:\/\/fablab110.fr\/?page_id=95","og_site_name":"FAB LAB 110","article_modified_time":"2025-07-14T14:01:37+00:00","og_image":[{"width":400,"height":319,"url":"https:\/\/fablab110.fr\/wp-content\/uploads\/2025\/07\/cropped-Logo-Fablab110_400px.png","type":"image\/png"}],"twitter_card":"summary_large_image","schema":{"@context":"https:\/\/schema.org","@graph":[{"@type":"WebPage","@id":"https:\/\/fablab110.fr\/?page_id=95","url":"https:\/\/fablab110.fr\/?page_id=95","name":"Contact - FAB LAB 110","isPartOf":{"@id":"https:\/\/fablab110.fr\/#website"},"primaryImageOfPage":{"@id":"https:\/\/fablab110.fr\/?page_id=95#primaryimage"},"image":{"@id":"https:\/\/fablab110.fr\/?page_id=95#primaryimage"},"thumbnailUrl":"http:\/\/fablab110.fr\/wp-content\/uploads\/2025\/07\/cropped-Logo-Fablab110_400px.png","datePublished":"2025-07-10T07:54:10+00:00","dateModified":"2025-07-14T14:01:37+00:00","breadcrumb":{"@id":"https:\/\/fablab110.fr\/?page_id=95#breadcrumb"},"inLanguage":"fr-FR","potentialAction":[{"@type":"ReadAction","target":["https:\/\/fablab110.fr\/?page_id=95"]}]},{"@type":"ImageObject","inLanguage":"fr-FR","@id":"https:\/\/fablab110.fr\/?page_id=95#primaryimage","url":"https:\/\/fablab110.fr\/wp-content\/uploads\/2025\/07\/cropped-Logo-Fablab110_400px.png","contentUrl":"https:\/\/fablab110.fr\/wp-content\/uploads\/2025\/07\/cropped-Logo-Fablab110_400px.png","width":400,"height":319,"caption":"Logo Fab Lab 110"},{"@type":"BreadcrumbList","@id":"https:\/\/fablab110.fr\/?page_id=95#breadcrumb","itemListElement":[{"@type":"ListItem","position":1,"name":"Accueil","item":"https:\/\/fablab110.fr\/"},{"@type":"ListItem","position":2,"name":"Contact"}]},{"@type":"WebSite","@id":"https:\/\/fablab110.fr\/#website","url":"https:\/\/fablab110.fr\/","name":"FAB LAB 110","description":"L\u00e0 o\u00f9 vos id\u00e9es prennent forme","publisher":{"@id":"https:\/\/fablab110.fr\/#organization"},"potentialAction":[{"@type":"SearchAction","target":{"@type":"EntryPoint","urlTemplate":"https:\/\/fablab110.fr\/?s={search_term_string}"},"query-input":{"@type":"PropertyValueSpecification","valueRequired":true,"valueName":"search_term_string"}}],"inLanguage":"fr-FR"},{"@type":"Organization","@id":"https:\/\/fablab110.fr\/#organization","name":"FAB LAB 110","url":"https:\/\/fablab110.fr\/","logo":{"@type":"ImageObject","inLanguage":"fr-FR","@id":"https:\/\/fablab110.fr\/#\/schema\/logo\/image\/","url":"https:\/\/fablab110.fr\/wp-content\/uploads\/2025\/07\/cropped-Logo-Fablab110_100px.png","contentUrl":"https:\/\/fablab110.fr\/wp-content\/uploads\/2025\/07\/cropped-Logo-Fablab110_100px.png","width":100,"height":88,"caption":"FAB LAB 110"},"image":{"@id":"https:\/\/fablab110.fr\/#\/schema\/logo\/image\/"}}]}},"_links":{"self":[{"href":"https:\/\/fablab110.fr\/index.php?rest_route=\/wp\/v2\/pages\/95","targetHints":{"allow":["GET"]}}],"collection":[{"href":"https:\/\/fablab110.fr\/index.php?rest_route=\/wp\/v2\/pages"}],"about":[{"href":"https:\/\/fablab110.fr\/index.php?rest_route=\/wp\/v2\/types\/page"}],"author":[{"embeddable":true,"href":"https:\/\/fablab110.fr\/index.php?rest_route=\/wp\/v2\/users\/1"}],"replies":[{"embeddable":true,"href":"https:\/\/fablab110.fr\/index.php?rest_route=%2Fwp%2Fv2%2Fcomments&post=95"}],"version-history":[{"count":5,"href":"https:\/\/fablab110.fr\/index.php?rest_route=\/wp\/v2\/pages\/95\/revisions"}],"predecessor-version":[{"id":136,"href":"https:\/\/fablab110.fr\/index.php?rest_route=\/wp\/v2\/pages\/95\/revisions\/136"}],"wp:attachment":[{"href":"https:\/\/fablab110.fr\/index.php?rest_route=%2Fwp%2Fv2%2Fmedia&parent=95"}],"curies":[{"name":"wp","href":"https:\/\/api.w.org\/{rel}","templated":true}]}}